{"id":2,"date":"2021-03-15T14:34:38","date_gmt":"2021-03-15T13:34:38","guid":{"rendered":"http:\/\/sujuvatratkaisut.com\/?page_id=2"},"modified":"2024-10-24T20:12:08","modified_gmt":"2024-10-24T18:12:08","slug":"page-d-exemple","status":"publish","type":"page","link":"https:\/\/sujuvatratkaisut.com\/","title":{"rendered":"Sujuvat ratkaisut Oy"},"content":{"rendered":"\n<p>Fluent Solutions Ltd<\/p>\n\n\n\n<p>Yritys yll\u00e4pit\u00e4\u00e4 <a href=\"https:\/\/www.rainwear.store\">www.rainwear.store<\/a>-sadeasukauppaa.<\/p>\n\n\n\n<p>Yhteystiedot:<\/p>\n\n\n\n<p>Mikko Leikkari<br>Suopursunkatu 10 A 10<br>33710 Tampere<br>Finland<br>Phone: +358 44 2726161<br>Email: <a href=\"mailto:mikko@rainwear.store\">mikko@rainwear.store<\/a><\/p>\n\n\n\n<p><\/p>\n","protected":false},"excerpt":{"rendered":"<p>Fluent Solutions Ltd Yritys yll\u00e4pit\u00e4\u00e4 www.rainwear.store-sadeasukauppaa. Yhteystiedot: Mikko LeikkariSuopursunkatu 10 A 1033710 TampereFinlandPhone: +358 44 2726161Email: mikko@rainwear.store<\/p>\n","protected":false},"author":1,"featured_media":0,"parent":0,"menu_order":0,"comment_status":"closed","ping_status":"open","template":"","meta":[],"_links":{"self":[{"href":"https:\/\/sujuvatratkaisut.com\/index.php?rest_route=\/wp\/v2\/pages\/2"}],"collection":[{"href":"https:\/\/sujuvatratkaisut.com\/index.php?rest_route=\/wp\/v2\/pages"}],"about":[{"href":"https:\/\/sujuvatratkaisut.com\/index.php?rest_route=\/wp\/v2\/types\/page"}],"author":[{"embeddable":true,"href":"https:\/\/sujuvatratkaisut.com\/index.php?rest_route=\/wp\/v2\/users\/1"}],"replies":[{"embeddable":true,"href":"https:\/\/sujuvatratkaisut.com\/index.php?rest_route=%2Fwp%2Fv2%2Fcomments&post=2"}],"version-history":[{"count":2,"href":"https:\/\/sujuvatratkaisut.com\/index.php?rest_route=\/wp\/v2\/pages\/2\/revisions"}],"predecessor-version":[{"id":23,"href":"https:\/\/sujuvatratkaisut.com\/index.php?rest_route=\/wp\/v2\/pages\/2\/revisions\/23"}],"wp:attachment":[{"href":"https:\/\/sujuvatratkaisut.com\/index.php?rest_route=%2Fwp%2Fv2%2Fmedia&parent=2"}],"curies":[{"name":"wp","href":"https:\/\/api.w.org\/{rel}","templated":true}]}}